{"id":989,"date":"2023-03-20T10:04:40","date_gmt":"2023-03-20T09:04:40","guid":{"rendered":"https:\/\/extranorm.com\/?page_id=989"},"modified":"2024-01-24T09:42:25","modified_gmt":"2024-01-24T08:42:25","slug":"contact","status":"publish","type":"page","link":"https:\/\/extranorm.com\/en\/contact\/","title":{"rendered":"Contact"},"content":{"rendered":"\t\t<div data-elementor-type=\"wp-page\" data-elementor-id=\"989\" class=\"elementor elementor-989\">\n\t\t\t\t\t\t\t\t\t<section class=\"elementor-section elementor-top-section elementor-element elementor-element-c3e4287 elementor-section-boxed elementor-section-height-default elementor-section-height-default\" data-id=\"c3e4287\" data-element_type=\"section\" data-settings=\"{&quot;_ha_eqh_enable&quot;:false}\">\n\t\t\t\t\t\t<div class=\"elementor-container elementor-column-gap-default\">\n\t\t\t\t\t<div class=\"elementor-column elementor-col-100 elementor-top-column elementor-element elementor-element-922b8b4\" data-id=\"922b8b4\" data-element_type=\"column\">\n\t\t\t<div class=\"elementor-widget-wrap elementor-element-populated\">\n\t\t\t\t\t\t\t\t<div class=\"elementor-element elementor-element-32a5cb8 elementor-widget elementor-widget-image\" data-id=\"32a5cb8\" data-element_type=\"widget\" data-widget_type=\"image.default\">\n\t\t\t\t<div class=\"elementor-widget-container\">\n\t\t\t<style>\/*! elementor - v3.18.0 - 20-12-2023 *\/\n.elementor-widget-image{text-align:center}.elementor-widget-image a{display:inline-block}.elementor-widget-image a img[src$=\".svg\"]{width:48px}.elementor-widget-image img{vertical-align:middle;display:inline-block}<\/style>\t\t\t\t\t\t\t\t\t\t\t\t<img fetchpriority=\"high\" decoding=\"async\" width=\"1024\" height=\"341\" src=\"https:\/\/extranorm.com\/en\/wp-content\/uploads\/2024\/01\/MIA-FULL-lifestyle_-1024x341.webp\" class=\"attachment-large size-large wp-image-3971\" alt=\"+++ MIA FULL lifestyle_\" srcset=\"https:\/\/extranorm.com\/en\/wp-content\/uploads\/2024\/01\/MIA-FULL-lifestyle_-1024x341.webp 1024w, https:\/\/extranorm.com\/en\/wp-content\/uploads\/2024\/01\/MIA-FULL-lifestyle_-300x100.webp 300w, https:\/\/extranorm.com\/en\/wp-content\/uploads\/2024\/01\/MIA-FULL-lifestyle_-768x256.webp 768w, https:\/\/extranorm.com\/en\/wp-content\/uploads\/2024\/01\/MIA-FULL-lifestyle_-1536x512.webp 1536w, https:\/\/extranorm.com\/en\/wp-content\/uploads\/2024\/01\/MIA-FULL-lifestyle_-2048x682.webp 2048w, https:\/\/extranorm.com\/en\/wp-content\/uploads\/2024\/01\/MIA-FULL-lifestyle_-598x199.webp 598w, https:\/\/extranorm.com\/en\/wp-content\/uploads\/2024\/01\/MIA-FULL-lifestyle_-64x21.webp 64w\" sizes=\"(max-width: 1024px) 100vw, 1024px\" \/>\t\t\t\t\t\t\t\t\t\t\t\t\t\t\t<\/div>\n\t\t\t\t<\/div>\n\t\t\t\t\t<\/div>\n\t\t<\/div>\n\t\t\t\t\t\t\t<\/div>\n\t\t<\/section>\n\t\t\t\t<section class=\"elementor-section elementor-top-section elementor-element elementor-element-f5d684c elementor-section-boxed elementor-section-height-default elementor-section-height-default\" data-id=\"f5d684c\" data-element_type=\"section\" data-settings=\"{&quot;_ha_eqh_enable&quot;:false}\">\n\t\t\t\t\t\t<div class=\"elementor-container elementor-column-gap-default\">\n\t\t\t\t\t<div class=\"elementor-column elementor-col-33 elementor-top-column elementor-element elementor-element-0abc658\" data-id=\"0abc658\" data-element_type=\"column\">\n\t\t\t<div class=\"elementor-widget-wrap\">\n\t\t\t\t\t\t\t\t\t<\/div>\n\t\t<\/div>\n\t\t\t\t<div class=\"elementor-column elementor-col-33 elementor-top-column elementor-element elementor-element-f7c75d5\" data-id=\"f7c75d5\" data-element_type=\"column\">\n\t\t\t<div class=\"elementor-widget-wrap elementor-element-populated\">\n\t\t\t\t\t\t\t\t<div class=\"elementor-element elementor-element-a5d09a0 elementor-widget-tablet__width-initial elementor-widget elementor-widget-ha-wpform happy-addon ha-wpform\" data-id=\"a5d09a0\" data-element_type=\"widget\" data-widget_type=\"ha-wpform.default\">\n\t\t\t\t<div class=\"elementor-widget-container\">\n\t\t\t<div class=\"wpforms-container wpforms-container-full\" id=\"wpforms-982\"><form id=\"wpforms-form-982\" class=\"wpforms-validate wpforms-form wpforms-ajax-form\" data-formid=\"982\" method=\"post\" enctype=\"multipart\/form-data\" action=\"\/en\/wp-json\/wp\/v2\/pages\/989\" data-token=\"ce6d7ff191e371cd56b614622490715d\"><noscript class=\"wpforms-error-noscript\">Please enable JavaScript in your browser to complete this form.<\/noscript><div class=\"wpforms-field-container\"><div id=\"wpforms-982-field_1-container\" class=\"wpforms-field wpforms-field-text wpforms-one-half wpforms-first\" data-field-id=\"1\"><label class=\"wpforms-field-label\" for=\"wpforms-982-field_1\">Name<\/label><input type=\"text\" id=\"wpforms-982-field_1\" class=\"wpforms-field-large\" name=\"wpforms[fields][1]\" ><\/div><div id=\"wpforms-982-field_2-container\" class=\"wpforms-field wpforms-field-text wpforms-one-half\" data-field-id=\"2\"><label class=\"wpforms-field-label\" for=\"wpforms-982-field_2\">First names<\/label><input type=\"text\" id=\"wpforms-982-field_2\" class=\"wpforms-field-large\" name=\"wpforms[fields][2]\" ><\/div><div id=\"wpforms-982-field_5-container\" class=\"wpforms-field wpforms-field-text wpforms-one-half wpforms-first\" data-field-id=\"5\"><label class=\"wpforms-field-label\" for=\"wpforms-982-field_5\">Number phone <\/label><input type=\"text\" id=\"wpforms-982-field_5\" class=\"wpforms-field-large\" name=\"wpforms[fields][5]\" ><\/div><div id=\"wpforms-982-field_4-container\" class=\"wpforms-field wpforms-field-email wpforms-one-half\" data-field-id=\"4\"><label class=\"wpforms-field-label\" for=\"wpforms-982-field_4\">E-mail <span class=\"wpforms-required-label\">*<\/span><\/label><input type=\"email\" id=\"wpforms-982-field_4\" class=\"wpforms-field-large wpforms-field-required\" name=\"wpforms[fields][4]\" spellcheck=\"false\" required><\/div><div id=\"wpforms-982-field_8-container\" class=\"wpforms-field wpforms-field-checkbox\" data-field-id=\"8\"><label class=\"wpforms-field-label\" for=\"wpforms-982-field_8\">Who are you ? <\/label><ul id=\"wpforms-982-field_8\"><li class=\"choice-1 depth-1\"><input type=\"checkbox\" id=\"wpforms-982-field_8_1\" name=\"wpforms[fields][8][]\" value=\"Particular\"  ><label class=\"wpforms-field-label-inline\" for=\"wpforms-982-field_8_1\">Particular<\/label><\/li><li class=\"choice-2 depth-1\"><input type=\"checkbox\" id=\"wpforms-982-field_8_2\" name=\"wpforms[fields][8][]\" value=\"Professional\"  ><label class=\"wpforms-field-label-inline\" for=\"wpforms-982-field_8_2\">Professional<\/label><\/li><li class=\"choice-3 depth-1\"><input type=\"checkbox\" id=\"wpforms-982-field_8_3\" name=\"wpforms[fields][8][]\" value=\"Designer\"  ><label class=\"wpforms-field-label-inline\" for=\"wpforms-982-field_8_3\">Designer<\/label><\/li><li class=\"choice-4 depth-1\"><input type=\"checkbox\" id=\"wpforms-982-field_8_4\" name=\"wpforms[fields][8][]\" value=\"Candidate\"  ><label class=\"wpforms-field-label-inline\" for=\"wpforms-982-field_8_4\">Candidate<\/label><\/li><li class=\"choice-5 depth-1\"><input type=\"checkbox\" id=\"wpforms-982-field_8_5\" name=\"wpforms[fields][8][]\" value=\"Press\"  ><label class=\"wpforms-field-label-inline\" for=\"wpforms-982-field_8_5\">Press<\/label><\/li><\/ul><\/div><div id=\"wpforms-982-field_9-container\" class=\"wpforms-field wpforms-field-textarea\" data-field-id=\"9\"><label class=\"wpforms-field-label\" for=\"wpforms-982-field_9\">Your message <\/label><textarea id=\"wpforms-982-field_9\" class=\"wpforms-field-medium\" name=\"wpforms[fields][9]\" ><\/textarea><\/div><\/div><!-- .wpforms-field-container --><div class=\"wpforms-recaptcha-container wpforms-is-recaptcha wpforms-is-recaptcha-type-invisible\" ><div class=\"g-recaptcha\" data-sitekey=\"6Lfj4IUpAAAAAARA9djju3iSAr79x1SBtem5Qzzg\" data-size=\"invisible\"><\/div><\/div><div class=\"wpforms-submit-container\" ><input type=\"hidden\" name=\"wpforms[id]\" value=\"982\"><input type=\"hidden\" name=\"wpforms[author]\" value=\"1\"><span class=\"wpcf7-form-control-wrap kc_captcha\" data-name=\"kc_captcha\"><span class=\"wpcf7-form-control wpcf7-cf7ic\"><span class=\"captcha-image cf7ic-style1\" style=\"border:none;\"><span class=\"cf7ic_instructions\">Please prove you are human by selecting the <span>truck<\/span>.<span class=\"cf7ic-icon-wrapper\"><label><input type=\"radio\" name=\"kc_captcha\" value=\"d45ea3c778ff0551a7eb582e1be788d4121db1b6b8e57493a0e6c7f58182459c\" \/><i class=\"fa fa-flag\"><\/i><\/label><label><input type=\"radio\" name=\"kc_captcha\" value=\"dcdc43f66895115a948e88e47d13bea665858841726f29f0cb5712459d120672\" \/><i class=\"fa fa-truck\"><\/i><\/label><label><input type=\"radio\" name=\"kc_captcha\" value=\"e62b573d3e285ce9eb4a5de35a625292cfafada6f47469d095f855d81549dcbc\" \/><i class=\"fa fa-coffee\"><\/i><\/label><span aria-hidden=\"true\" class=\"ai1ic-fields\"><input type=\"hidden\" name=\"cf7ic_exists\" value=\"true\"\/><input type=\"hidden\" name=\"kc_key\" value=\"m7igSzXGW5C2b04Fvwfx\"><input type=\"text\" name=\"kc_honeypot\" tabindex=\"-1\" value=\"\"><\/span><\/span><\/span><\/span><\/span><\/span><button type=\"submit\" name=\"wpforms[submit]\" id=\"wpforms-submit-982\" class=\"wpforms-submit\" data-alt-text=\"Sending...\" data-submit-text=\"Send\" aria-live=\"assertive\" value=\"wpforms-submit\">Send<\/button><img decoding=\"async\" src=\"https:\/\/extranorm.com\/en\/wp-content\/plugins\/wpforms-lite\/assets\/images\/submit-spin.svg\" class=\"wpforms-submit-spinner\" style=\"display: none;\" width=\"26\" height=\"26\" alt=\"Loading\"><\/div><\/form><\/div>  <!-- .wpforms-container -->\t\t<\/div>\n\t\t\t\t<\/div>\n\t\t\t\t\t<\/div>\n\t\t<\/div>\n\t\t\t\t<div class=\"elementor-column elementor-col-33 elementor-top-column elementor-element elementor-element-fda503a\" data-id=\"fda503a\" data-element_type=\"column\">\n\t\t\t<div class=\"elementor-widget-wrap\">\n\t\t\t\t\t\t\t\t\t<\/div>\n\t\t<\/div>\n\t\t\t\t\t\t\t<\/div>\n\t\t<\/section>\n\t\t\t\t\t\t\t<\/div>\n\t\t","protected":false},"excerpt":{"rendered":"<p>Veuillez activer JavaScript dans votre navigateur pour remplir ce formulaire.NomPr\u00e9nomsT\u00e9l\u00e9phoneE-mail *Qui \u00eates-vous? Particulier Professionnel Designer Candidat Presse Envoyer<\/p>\n","protected":false},"author":1,"featured_media":0,"parent":0,"menu_order":0,"comment_status":"closed","ping_status":"closed","template":"elementor_canvas","meta":{"footnotes":""},"class_list":["post-989","page","type-page","status-publish","hentry","entry","owp-thumbs-layout-horizontal","owp-btn-normal","owp-tabs-layout-horizontal","has-no-thumbnails","has-product-nav"],"yoast_head":"<!-- This site is optimized with the Yoast SEO plugin v21.9 - https:\/\/yoast.com\/wordpress\/plugins\/seo\/ -->\n<title>Contact - EXTRANORM<\/title>\n<meta name=\"robots\" content=\"index, follow, max-snippet:-1, max-image-preview:large, max-video-preview:-1\" \/>\n<link rel=\"canonical\" href=\"https:\/\/extranorm.com\/en\/contact\/\" \/>\n<meta property=\"og:locale\" content=\"en_US\" \/>\n<meta property=\"og:type\" content=\"article\" \/>\n<meta property=\"og:title\" content=\"Contact - EXTRANORM\" \/>\n<meta property=\"og:description\" content=\"Veuillez activer JavaScript dans votre navigateur pour remplir ce formulaire.NomPr\u00e9nomsT\u00e9l\u00e9phoneE-mail *Qui \u00eates-vous? Particulier Professionnel Designer Candidat Presse Envoyer\" \/>\n<meta property=\"og:url\" content=\"https:\/\/extranorm.com\/en\/contact\/\" \/>\n<meta property=\"og:site_name\" content=\"EXTRANORM\" \/>\n<meta property=\"article:modified_time\" content=\"2024-01-24T08:42:25+00:00\" \/>\n<meta property=\"og:image\" content=\"https:\/\/extranorm.com\/en\/wp-content\/uploads\/2024\/01\/MIA-FULL-lifestyle_-1024x341.webp\" \/>\n<meta name=\"twitter:card\" content=\"summary_large_image\" \/>\n<meta name=\"twitter:label1\" content=\"Est. reading time\" \/>\n\t<meta name=\"twitter:data1\" content=\"1 minute\" \/>\n<script type=\"application\/ld+json\" class=\"yoast-schema-graph\">{\"@context\":\"https:\/\/schema.org\",\"@graph\":[{\"@type\":\"WebPage\",\"@id\":\"https:\/\/extranorm.com\/en\/contact\/\",\"url\":\"https:\/\/extranorm.com\/en\/contact\/\",\"name\":\"Contact - EXTRANORM\",\"isPartOf\":{\"@id\":\"https:\/\/extranorm.com\/en\/#website\"},\"datePublished\":\"2023-03-20T09:04:40+00:00\",\"dateModified\":\"2024-01-24T08:42:25+00:00\",\"breadcrumb\":{\"@id\":\"https:\/\/extranorm.com\/en\/contact\/#breadcrumb\"},\"inLanguage\":\"en-US\",\"potentialAction\":[{\"@type\":\"ReadAction\",\"target\":[\"https:\/\/extranorm.com\/en\/contact\/\"]}]},{\"@type\":\"BreadcrumbList\",\"@id\":\"https:\/\/extranorm.com\/en\/contact\/#breadcrumb\",\"itemListElement\":[{\"@type\":\"ListItem\",\"position\":1,\"name\":\"Accueil\",\"item\":\"https:\/\/extranorm.com\/en\/\"},{\"@type\":\"ListItem\",\"position\":2,\"name\":\"Contact\"}]},{\"@type\":\"WebSite\",\"@id\":\"https:\/\/extranorm.com\/en\/#website\",\"url\":\"https:\/\/extranorm.com\/en\/\",\"name\":\"EXTRANORM\",\"description\":\"\",\"potentialAction\":[{\"@type\":\"SearchAction\",\"target\":{\"@type\":\"EntryPoint\",\"urlTemplate\":\"https:\/\/extranorm.com\/en\/?s={search_term_string}\"},\"query-input\":\"required name=search_term_string\"}],\"inLanguage\":\"en-US\"}]}<\/script>\n<!-- \/ Yoast SEO plugin. -->","yoast_head_json":{"title":"Contact - EXTRANORM","robots":{"index":"index","follow":"follow","max-snippet":"max-snippet:-1","max-image-preview":"max-image-preview:large","max-video-preview":"max-video-preview:-1"},"canonical":"https:\/\/extranorm.com\/en\/contact\/","og_locale":"en_US","og_type":"article","og_title":"Contact - EXTRANORM","og_description":"Veuillez activer JavaScript dans votre navigateur pour remplir ce formulaire.NomPr\u00e9nomsT\u00e9l\u00e9phoneE-mail *Qui \u00eates-vous? Particulier Professionnel Designer Candidat Presse Envoyer","og_url":"https:\/\/extranorm.com\/en\/contact\/","og_site_name":"EXTRANORM","article_modified_time":"2024-01-24T08:42:25+00:00","og_image":[{"url":"https:\/\/extranorm.com\/en\/wp-content\/uploads\/2024\/01\/MIA-FULL-lifestyle_-1024x341.webp"}],"twitter_card":"summary_large_image","twitter_misc":{"Est. reading time":"1 minute"},"schema":{"@context":"https:\/\/schema.org","@graph":[{"@type":"WebPage","@id":"https:\/\/extranorm.com\/en\/contact\/","url":"https:\/\/extranorm.com\/en\/contact\/","name":"Contact - EXTRANORM","isPartOf":{"@id":"https:\/\/extranorm.com\/en\/#website"},"datePublished":"2023-03-20T09:04:40+00:00","dateModified":"2024-01-24T08:42:25+00:00","breadcrumb":{"@id":"https:\/\/extranorm.com\/en\/contact\/#breadcrumb"},"inLanguage":"en-US","potentialAction":[{"@type":"ReadAction","target":["https:\/\/extranorm.com\/en\/contact\/"]}]},{"@type":"BreadcrumbList","@id":"https:\/\/extranorm.com\/en\/contact\/#breadcrumb","itemListElement":[{"@type":"ListItem","position":1,"name":"Accueil","item":"https:\/\/extranorm.com\/en\/"},{"@type":"ListItem","position":2,"name":"Contact"}]},{"@type":"WebSite","@id":"https:\/\/extranorm.com\/en\/#website","url":"https:\/\/extranorm.com\/en\/","name":"EXTRANORM","description":"","potentialAction":[{"@type":"SearchAction","target":{"@type":"EntryPoint","urlTemplate":"https:\/\/extranorm.com\/en\/?s={search_term_string}"},"query-input":"required name=search_term_string"}],"inLanguage":"en-US"}]}},"_links":{"self":[{"href":"https:\/\/extranorm.com\/en\/wp-json\/wp\/v2\/pages\/989","targetHints":{"allow":["GET"]}}],"collection":[{"href":"https:\/\/extranorm.com\/en\/wp-json\/wp\/v2\/pages"}],"about":[{"href":"https:\/\/extranorm.com\/en\/wp-json\/wp\/v2\/types\/page"}],"author":[{"embeddable":true,"href":"https:\/\/extranorm.com\/en\/wp-json\/wp\/v2\/users\/1"}],"replies":[{"embeddable":true,"href":"https:\/\/extranorm.com\/en\/wp-json\/wp\/v2\/comments?post=989"}],"version-history":[{"count":19,"href":"https:\/\/extranorm.com\/en\/wp-json\/wp\/v2\/pages\/989\/revisions"}],"predecessor-version":[{"id":4045,"href":"https:\/\/extranorm.com\/en\/wp-json\/wp\/v2\/pages\/989\/revisions\/4045"}],"wp:attachment":[{"href":"https:\/\/extranorm.com\/en\/wp-json\/wp\/v2\/media?parent=989"}],"curies":[{"name":"wp","href":"https:\/\/api.w.org\/{rel}","templated":true}]}}